{"id":341,"date":"2025-01-11T11:21:45","date_gmt":"2025-01-11T10:21:45","guid":{"rendered":"https:\/\/www.becontrolling.fr\/?page_id=341"},"modified":"2025-02-01T15:42:31","modified_gmt":"2025-02-01T14:42:31","slug":"nos-partenaires","status":"publish","type":"page","link":"https:\/\/www.becontrolling.fr\/index.php\/nos-partenaires\/","title":{"rendered":"Nos partenaires"},"content":{"rendered":"\n<div class=\"wp-block-media-text is-stacked-on-mobile\" style=\"grid-template-columns:35% auto\"><figure class=\"wp-block-media-text__media\"><img loading=\"lazy\" decoding=\"async\" width=\"512\" height=\"512\" src=\"https:\/\/www.becontrolling.fr\/wp-content\/uploads\/2025\/02\/cropped-LOGO-OFFICIEL.png\" alt=\"\" class=\"wp-image-362 size-full\" srcset=\"https:\/\/www.becontrolling.fr\/wp-content\/uploads\/2025\/02\/cropped-LOGO-OFFICIEL.png 512w, https:\/\/www.becontrolling.fr\/wp-content\/uploads\/2025\/02\/cropped-LOGO-OFFICIEL-300x300.png 300w, https:\/\/www.becontrolling.fr\/wp-content\/uploads\/2025\/02\/cropped-LOGO-OFFICIEL-150x150.png 150w\" sizes=\"auto, (max-width: 512px) 100vw, 512px\" \/><\/figure><div class=\"wp-block-media-text__content\">\n<p class=\"has-dark-color has-text-color has-link-color has-base-font-size wp-elements-728c048205fec3d781276d918da87f57\"><strong>C2C Pyr\u00e9n\u00e9es<\/strong><\/p>\n\n\n\n<p class=\"has-text-regular-color has-text-color has-link-color wp-elements-51ec1a1cd63f9383e7306f2ef27e2639\">Nous remercions le groupe C2C conseil qui nous permet d&rsquo;\u00eatre en lien avec leurs clients dans le cadre de prestations diverses : am\u00e9lioration de la performance et de la rentabilit\u00e9, accompagnement dans la gestion des co\u00fbts de revient, etc.<\/p>\n<\/div><\/div>\n\n\n\n<div class=\"wp-block-media-text is-stacked-on-mobile\"><figure class=\"wp-block-media-text__media\"><\/figure><div class=\"wp-block-media-text__content\">\n<p><\/p>\n<\/div><\/div>\n","protected":false},"excerpt":{"rendered":"<p>C2C Pyr\u00e9n\u00e9es Nous remercions le groupe C2C conseil qui nous permet d&rsquo;\u00eatre en lien avec leurs clients dans le cadre de prestations diverses : am\u00e9lioration de la performance et de la rentabilit\u00e9, accompagnement dans la gestion des co\u00fbts de revient, etc.<\/p>\n","protected":false},"author":1,"featured_media":0,"parent":0,"menu_order":0,"comment_status":"closed","ping_status":"closed","template":"","meta":{"footnotes":""},"class_list":["post-341","page","type-page","status-publish","hentry"],"yoast_head":"<!-- This site is optimized with the Yoast SEO plugin v27.3 - https:\/\/yoast.com\/product\/yoast-seo-wordpress\/ -->\n<title>Nos partenaires - BE Controlling<\/title>\n<meta name=\"robots\" content=\"index, follow, max-snippet:-1, max-image-preview:large, max-video-preview:-1\" \/>\n<link rel=\"canonical\" href=\"https:\/\/www.becontrolling.fr\/index.php\/nos-partenaires\/\" \/>\n<meta property=\"og:locale\" content=\"fr_FR\" \/>\n<meta property=\"og:type\" content=\"article\" \/>\n<meta property=\"og:title\" content=\"Nos partenaires - BE Controlling\" \/>\n<meta property=\"og:description\" content=\"C2C Pyr\u00e9n\u00e9es Nous remercions le groupe C2C conseil qui nous permet d&rsquo;\u00eatre en lien avec leurs clients dans le cadre de prestations diverses : am\u00e9lioration de la performance et de la rentabilit\u00e9, accompagnement dans la gestion des co\u00fbts de revient, etc.\" \/>\n<meta property=\"og:url\" content=\"https:\/\/www.becontrolling.fr\/index.php\/nos-partenaires\/\" \/>\n<meta property=\"og:site_name\" content=\"BE Controlling\" \/>\n<meta property=\"article:modified_time\" content=\"2025-02-01T14:42:31+00:00\" \/>\n<meta property=\"og:image\" content=\"https:\/\/www.becontrolling.fr\/wp-content\/uploads\/2025\/02\/cropped-LOGO-OFFICIEL.png\" \/>\n\t<meta property=\"og:image:width\" content=\"512\" \/>\n\t<meta property=\"og:image:height\" content=\"512\" \/>\n\t<meta property=\"og:image:type\" content=\"image\/png\" \/>\n<meta name=\"twitter:card\" content=\"summary_large_image\" \/>\n<script type=\"application\/ld+json\" class=\"yoast-schema-graph\">{\"@context\":\"https:\\\/\\\/schema.org\",\"@graph\":[{\"@type\":\"WebPage\",\"@id\":\"https:\\\/\\\/www.becontrolling.fr\\\/index.php\\\/nos-partenaires\\\/\",\"url\":\"https:\\\/\\\/www.becontrolling.fr\\\/index.php\\\/nos-partenaires\\\/\",\"name\":\"Nos partenaires - BE Controlling\",\"isPartOf\":{\"@id\":\"https:\\\/\\\/www.becontrolling.fr\\\/#website\"},\"primaryImageOfPage\":{\"@id\":\"https:\\\/\\\/www.becontrolling.fr\\\/index.php\\\/nos-partenaires\\\/#primaryimage\"},\"image\":{\"@id\":\"https:\\\/\\\/www.becontrolling.fr\\\/index.php\\\/nos-partenaires\\\/#primaryimage\"},\"thumbnailUrl\":\"https:\\\/\\\/www.becontrolling.fr\\\/wp-content\\\/uploads\\\/2025\\\/02\\\/cropped-LOGO-OFFICIEL.png\",\"datePublished\":\"2025-01-11T10:21:45+00:00\",\"dateModified\":\"2025-02-01T14:42:31+00:00\",\"breadcrumb\":{\"@id\":\"https:\\\/\\\/www.becontrolling.fr\\\/index.php\\\/nos-partenaires\\\/#breadcrumb\"},\"inLanguage\":\"fr-FR\",\"potentialAction\":[{\"@type\":\"ReadAction\",\"target\":[\"https:\\\/\\\/www.becontrolling.fr\\\/index.php\\\/nos-partenaires\\\/\"]}]},{\"@type\":\"ImageObject\",\"inLanguage\":\"fr-FR\",\"@id\":\"https:\\\/\\\/www.becontrolling.fr\\\/index.php\\\/nos-partenaires\\\/#primaryimage\",\"url\":\"https:\\\/\\\/www.becontrolling.fr\\\/wp-content\\\/uploads\\\/2025\\\/02\\\/cropped-LOGO-OFFICIEL.png\",\"contentUrl\":\"https:\\\/\\\/www.becontrolling.fr\\\/wp-content\\\/uploads\\\/2025\\\/02\\\/cropped-LOGO-OFFICIEL.png\",\"width\":512,\"height\":512},{\"@type\":\"BreadcrumbList\",\"@id\":\"https:\\\/\\\/www.becontrolling.fr\\\/index.php\\\/nos-partenaires\\\/#breadcrumb\",\"itemListElement\":[{\"@type\":\"ListItem\",\"position\":1,\"name\":\"Accueil\",\"item\":\"https:\\\/\\\/www.becontrolling.fr\\\/\"},{\"@type\":\"ListItem\",\"position\":2,\"name\":\"Nos partenaires\"}]},{\"@type\":\"WebSite\",\"@id\":\"https:\\\/\\\/www.becontrolling.fr\\\/#website\",\"url\":\"https:\\\/\\\/www.becontrolling.fr\\\/\",\"name\":\"BE Controlling\",\"description\":\"Ma\u00eetriser son avenir\",\"publisher\":{\"@id\":\"https:\\\/\\\/www.becontrolling.fr\\\/#organization\"},\"potentialAction\":[{\"@type\":\"SearchAction\",\"target\":{\"@type\":\"EntryPoint\",\"urlTemplate\":\"https:\\\/\\\/www.becontrolling.fr\\\/?s={search_term_string}\"},\"query-input\":{\"@type\":\"PropertyValueSpecification\",\"valueRequired\":true,\"valueName\":\"search_term_string\"}}],\"inLanguage\":\"fr-FR\"},{\"@type\":\"Organization\",\"@id\":\"https:\\\/\\\/www.becontrolling.fr\\\/#organization\",\"name\":\"BE Controlling\",\"url\":\"https:\\\/\\\/www.becontrolling.fr\\\/\",\"logo\":{\"@type\":\"ImageObject\",\"inLanguage\":\"fr-FR\",\"@id\":\"https:\\\/\\\/www.becontrolling.fr\\\/#\\\/schema\\\/logo\\\/image\\\/\",\"url\":\"https:\\\/\\\/www.becontrolling.fr\\\/wp-content\\\/uploads\\\/2024\\\/12\\\/Logo-basic-Site-Web.png\",\"contentUrl\":\"https:\\\/\\\/www.becontrolling.fr\\\/wp-content\\\/uploads\\\/2024\\\/12\\\/Logo-basic-Site-Web.png\",\"width\":1366,\"height\":768,\"caption\":\"BE Controlling\"},\"image\":{\"@id\":\"https:\\\/\\\/www.becontrolling.fr\\\/#\\\/schema\\\/logo\\\/image\\\/\"},\"sameAs\":[\"https:\\\/\\\/www.linkedin.com\\\/company\\\/be-controlling\\\/?viewAsMember=true\",\"https:\\\/\\\/www.instagram.com\\\/be_controlling\\\/profilecard\\\/?igsh=MWRjc3J5OGRrYm13\",\"https:\\\/\\\/wa.me\\\/message\\\/TYOIVXGNZQTEF1\"]}]}<\/script>\n<!-- \/ Yoast SEO plugin. -->","yoast_head_json":{"title":"Nos partenaires - BE Controlling","robots":{"index":"index","follow":"follow","max-snippet":"max-snippet:-1","max-image-preview":"max-image-preview:large","max-video-preview":"max-video-preview:-1"},"canonical":"https:\/\/www.becontrolling.fr\/index.php\/nos-partenaires\/","og_locale":"fr_FR","og_type":"article","og_title":"Nos partenaires - BE Controlling","og_description":"C2C Pyr\u00e9n\u00e9es Nous remercions le groupe C2C conseil qui nous permet d&rsquo;\u00eatre en lien avec leurs clients dans le cadre de prestations diverses : am\u00e9lioration de la performance et de la rentabilit\u00e9, accompagnement dans la gestion des co\u00fbts de revient, etc.","og_url":"https:\/\/www.becontrolling.fr\/index.php\/nos-partenaires\/","og_site_name":"BE Controlling","article_modified_time":"2025-02-01T14:42:31+00:00","og_image":[{"width":512,"height":512,"url":"https:\/\/www.becontrolling.fr\/wp-content\/uploads\/2025\/02\/cropped-LOGO-OFFICIEL.png","type":"image\/png"}],"twitter_card":"summary_large_image","schema":{"@context":"https:\/\/schema.org","@graph":[{"@type":"WebPage","@id":"https:\/\/www.becontrolling.fr\/index.php\/nos-partenaires\/","url":"https:\/\/www.becontrolling.fr\/index.php\/nos-partenaires\/","name":"Nos partenaires - BE Controlling","isPartOf":{"@id":"https:\/\/www.becontrolling.fr\/#website"},"primaryImageOfPage":{"@id":"https:\/\/www.becontrolling.fr\/index.php\/nos-partenaires\/#primaryimage"},"image":{"@id":"https:\/\/www.becontrolling.fr\/index.php\/nos-partenaires\/#primaryimage"},"thumbnailUrl":"https:\/\/www.becontrolling.fr\/wp-content\/uploads\/2025\/02\/cropped-LOGO-OFFICIEL.png","datePublished":"2025-01-11T10:21:45+00:00","dateModified":"2025-02-01T14:42:31+00:00","breadcrumb":{"@id":"https:\/\/www.becontrolling.fr\/index.php\/nos-partenaires\/#breadcrumb"},"inLanguage":"fr-FR","potentialAction":[{"@type":"ReadAction","target":["https:\/\/www.becontrolling.fr\/index.php\/nos-partenaires\/"]}]},{"@type":"ImageObject","inLanguage":"fr-FR","@id":"https:\/\/www.becontrolling.fr\/index.php\/nos-partenaires\/#primaryimage","url":"https:\/\/www.becontrolling.fr\/wp-content\/uploads\/2025\/02\/cropped-LOGO-OFFICIEL.png","contentUrl":"https:\/\/www.becontrolling.fr\/wp-content\/uploads\/2025\/02\/cropped-LOGO-OFFICIEL.png","width":512,"height":512},{"@type":"BreadcrumbList","@id":"https:\/\/www.becontrolling.fr\/index.php\/nos-partenaires\/#breadcrumb","itemListElement":[{"@type":"ListItem","position":1,"name":"Accueil","item":"https:\/\/www.becontrolling.fr\/"},{"@type":"ListItem","position":2,"name":"Nos partenaires"}]},{"@type":"WebSite","@id":"https:\/\/www.becontrolling.fr\/#website","url":"https:\/\/www.becontrolling.fr\/","name":"BE Controlling","description":"Ma\u00eetriser son avenir","publisher":{"@id":"https:\/\/www.becontrolling.fr\/#organization"},"potentialAction":[{"@type":"SearchAction","target":{"@type":"EntryPoint","urlTemplate":"https:\/\/www.becontrolling.fr\/?s={search_term_string}"},"query-input":{"@type":"PropertyValueSpecification","valueRequired":true,"valueName":"search_term_string"}}],"inLanguage":"fr-FR"},{"@type":"Organization","@id":"https:\/\/www.becontrolling.fr\/#organization","name":"BE Controlling","url":"https:\/\/www.becontrolling.fr\/","logo":{"@type":"ImageObject","inLanguage":"fr-FR","@id":"https:\/\/www.becontrolling.fr\/#\/schema\/logo\/image\/","url":"https:\/\/www.becontrolling.fr\/wp-content\/uploads\/2024\/12\/Logo-basic-Site-Web.png","contentUrl":"https:\/\/www.becontrolling.fr\/wp-content\/uploads\/2024\/12\/Logo-basic-Site-Web.png","width":1366,"height":768,"caption":"BE Controlling"},"image":{"@id":"https:\/\/www.becontrolling.fr\/#\/schema\/logo\/image\/"},"sameAs":["https:\/\/www.linkedin.com\/company\/be-controlling\/?viewAsMember=true","https:\/\/www.instagram.com\/be_controlling\/profilecard\/?igsh=MWRjc3J5OGRrYm13","https:\/\/wa.me\/message\/TYOIVXGNZQTEF1"]}]}},"_links":{"self":[{"href":"https:\/\/www.becontrolling.fr\/index.php\/wp-json\/wp\/v2\/pages\/341","targetHints":{"allow":["GET"]}}],"collection":[{"href":"https:\/\/www.becontrolling.fr\/index.php\/wp-json\/wp\/v2\/pages"}],"about":[{"href":"https:\/\/www.becontrolling.fr\/index.php\/wp-json\/wp\/v2\/types\/page"}],"author":[{"embeddable":true,"href":"https:\/\/www.becontrolling.fr\/index.php\/wp-json\/wp\/v2\/users\/1"}],"replies":[{"embeddable":true,"href":"https:\/\/www.becontrolling.fr\/index.php\/wp-json\/wp\/v2\/comments?post=341"}],"version-history":[{"count":6,"href":"https:\/\/www.becontrolling.fr\/index.php\/wp-json\/wp\/v2\/pages\/341\/revisions"}],"predecessor-version":[{"id":366,"href":"https:\/\/www.becontrolling.fr\/index.php\/wp-json\/wp\/v2\/pages\/341\/revisions\/366"}],"wp:attachment":[{"href":"https:\/\/www.becontrolling.fr\/index.php\/wp-json\/wp\/v2\/media?parent=341"}],"curies":[{"name":"wp","href":"https:\/\/api.w.org\/{rel}","templated":true}]}}